{"id":1079,"date":"2025-02-03T14:48:33","date_gmt":"2025-02-03T13:48:33","guid":{"rendered":"https:\/\/rmu-startup-academy.com\/?page_id=1079"},"modified":"2025-02-03T14:57:50","modified_gmt":"2025-02-03T13:57:50","slug":"agb","status":"publish","type":"page","link":"https:\/\/rmu-startup-academy.com\/?page_id=1079","title":{"rendered":"AGB"},"content":{"rendered":"\n<p>Die <strong>RMU Startup Academy<\/strong> wird durch eine Kollaboration der Gr\u00fcndungszentren der Rhein-Main-Universit\u00e4ten bereitgestellt: HIGHEST von der TU Darmstadt, Goethe-Unibator von der Goethe-Universit\u00e4t Frankfurt sowie den Gr\u00fcndungsb\u00fcros der Johannes-Gutenberg-Universit\u00e4t Mainz und der Universit\u00e4tsmedizin Mainz.<\/p>\n\n\n\n<p>Informationen zu den Allgemeinen Gesch\u00e4ftsbedingungen befinden sich auf den folgenden Seiten:<\/p>\n\n\n\n<ul class=\"wp-block-list\">\n<li>HIGHEST:&nbsp;<a href=\"https:\/\/www.intern.tu-darmstadt.de\/arbeitsmittel\/dokumente_formulare\/sortiert_von_a_bis_z\/details_313216.de.jsp\" target=\"_blank\" rel=\"noreferrer noopener\">https:\/\/www.intern.tu-darmstadt.de\/arbeitsmittel\/dokumente_formulare\/sortiert_von_a_bis_z\/details_313216.de.jsp<\/a><\/li>\n\n\n\n<li>Goethe-Unibator:&nbsp;<a href=\"https:\/\/www.uni-frankfurt.de\/103488887\/AGB\" target=\"_blank\" rel=\"noreferrer noopener\">https:\/\/www.uni-frankfurt.de\/103488887\/AGB<\/a><\/li>\n\n\n\n<li>JGU Startup Center:&nbsp;<a href=\"https:\/\/www.uni-mainz.de\/impressum\/\" target=\"_blank\" rel=\"noreferrer noopener\">https:\/\/www.uni-mainz.de\/impressum\/<\/a><\/li>\n\n\n\n<li>Universit\u00e4tsmedizin Mainz:&nbsp;<a href=\"https:\/\/www.unimedizin-mainz.de\/fileadmin\/kliniken\/physik_therapie\/Dokumente\/AGB_Stand_01_10.pdf\" target=\"_blank\" rel=\"noreferrer noopener\">https:\/\/www.unimedizin-mainz.de\/fileadmin\/kliniken\/physik_therapie\/Dokumente\/AGB_Stand_01_10.pdf<\/a><\/li>\n<\/ul>\n\n\n\n<p><\/p>\n","protected":false},"excerpt":{"rendered":"<p>Die RMU Startup Academy wird durch eine Kollaboration der Gr\u00fcndungszentren der Rhein-Main-Universit\u00e4ten bereitgestellt: HIGHEST von der TU Darmstadt, Goethe-Unibator von der Goethe-Universit\u00e4t Frankfurt sowie den Gr\u00fcndungsb\u00fcros der Johannes-Gutenberg-Universit\u00e4t Mainz und der Universit\u00e4tsmedizin Mainz. Informationen zu den Allgemeinen Gesch\u00e4ftsbedingungen befinden sich auf den folgenden Seiten:<\/p>\n","protected":false},"author":2,"featured_media":0,"parent":0,"menu_order":0,"comment_status":"closed","ping_status":"closed","template":"","meta":{"neve_meta_sidebar":"","neve_meta_container":"","neve_meta_enable_content_width":"","neve_meta_content_width":0,"neve_meta_title_alignment":"","neve_meta_author_avatar":"","neve_post_elements_order":"","neve_meta_disable_header":"","neve_meta_disable_footer":"","neve_meta_disable_title":"","_themeisle_gutenberg_block_has_review":false,"footnotes":""},"class_list":["post-1079","page","type-page","status-publish","hentry"],"yoast_head":"<!-- This site is optimized with the Yoast SEO plugin v25.9 - https:\/\/yoast.com\/wordpress\/plugins\/seo\/ -->\n<title>AGB - RMU Startup Academy<\/title>\n<meta name=\"robots\" content=\"index, follow, max-snippet:-1, max-image-preview:large, max-video-preview:-1\" \/>\n<link rel=\"canonical\" href=\"https:\/\/rmu-startup-academy.com\/?page_id=1079\" \/>\n<meta property=\"og:locale\" content=\"de_DE\" \/>\n<meta property=\"og:type\" content=\"article\" \/>\n<meta property=\"og:title\" content=\"AGB - RMU Startup Academy\" \/>\n<meta property=\"og:description\" content=\"Die RMU Startup Academy wird durch eine Kollaboration der Gr\u00fcndungszentren der Rhein-Main-Universit\u00e4ten bereitgestellt: HIGHEST von der TU Darmstadt, Goethe-Unibator von der Goethe-Universit\u00e4t Frankfurt sowie den Gr\u00fcndungsb\u00fcros der Johannes-Gutenberg-Universit\u00e4t Mainz und der Universit\u00e4tsmedizin Mainz. Informationen zu den Allgemeinen Gesch\u00e4ftsbedingungen befinden sich auf den folgenden Seiten:\" \/>\n<meta property=\"og:url\" content=\"https:\/\/rmu-startup-academy.com\/?page_id=1079\" \/>\n<meta property=\"og:site_name\" content=\"RMU Startup Academy\" \/>\n<meta property=\"article:modified_time\" content=\"2025-02-03T13:57:50+00:00\" \/>\n<meta name=\"twitter:card\" content=\"summary_large_image\" \/>\n<meta name=\"twitter:label1\" content=\"Gesch\u00e4tzte Lesezeit\" \/>\n\t<meta name=\"twitter:data1\" content=\"1\u00a0Minute\" \/>\n<script type=\"application\/ld+json\" class=\"yoast-schema-graph\">{\"@context\":\"https:\/\/schema.org\",\"@graph\":[{\"@type\":\"WebPage\",\"@id\":\"https:\/\/rmu-startup-academy.com\/?page_id=1079\",\"url\":\"https:\/\/rmu-startup-academy.com\/?page_id=1079\",\"name\":\"AGB - RMU Startup Academy\",\"isPartOf\":{\"@id\":\"https:\/\/rmu-startup-academy.com\/#website\"},\"datePublished\":\"2025-02-03T13:48:33+00:00\",\"dateModified\":\"2025-02-03T13:57:50+00:00\",\"breadcrumb\":{\"@id\":\"https:\/\/rmu-startup-academy.com\/?page_id=1079#breadcrumb\"},\"inLanguage\":\"de\",\"potentialAction\":[{\"@type\":\"ReadAction\",\"target\":[\"https:\/\/rmu-startup-academy.com\/?page_id=1079\"]}]},{\"@type\":\"BreadcrumbList\",\"@id\":\"https:\/\/rmu-startup-academy.com\/?page_id=1079#breadcrumb\",\"itemListElement\":[{\"@type\":\"ListItem\",\"position\":1,\"name\":\"Startseite\",\"item\":\"https:\/\/rmu-startup-academy.com\/\"},{\"@type\":\"ListItem\",\"position\":2,\"name\":\"AGB\"}]},{\"@type\":\"WebSite\",\"@id\":\"https:\/\/rmu-startup-academy.com\/#website\",\"url\":\"https:\/\/rmu-startup-academy.com\/\",\"name\":\"RMU Startup Academy\",\"description\":\"F\u00fcr Deinen Start in ein eigenes Unternehmen\",\"potentialAction\":[{\"@type\":\"SearchAction\",\"target\":{\"@type\":\"EntryPoint\",\"urlTemplate\":\"https:\/\/rmu-startup-academy.com\/?s={search_term_string}\"},\"query-input\":{\"@type\":\"PropertyValueSpecification\",\"valueRequired\":true,\"valueName\":\"search_term_string\"}}],\"inLanguage\":\"de\"}]}<\/script>\n<!-- \/ Yoast SEO plugin. -->","yoast_head_json":{"title":"AGB - RMU Startup Academy","robots":{"index":"index","follow":"follow","max-snippet":"max-snippet:-1","max-image-preview":"max-image-preview:large","max-video-preview":"max-video-preview:-1"},"canonical":"https:\/\/rmu-startup-academy.com\/?page_id=1079","og_locale":"de_DE","og_type":"article","og_title":"AGB - RMU Startup Academy","og_description":"Die RMU Startup Academy wird durch eine Kollaboration der Gr\u00fcndungszentren der Rhein-Main-Universit\u00e4ten bereitgestellt: HIGHEST von der TU Darmstadt, Goethe-Unibator von der Goethe-Universit\u00e4t Frankfurt sowie den Gr\u00fcndungsb\u00fcros der Johannes-Gutenberg-Universit\u00e4t Mainz und der Universit\u00e4tsmedizin Mainz. Informationen zu den Allgemeinen Gesch\u00e4ftsbedingungen befinden sich auf den folgenden Seiten:","og_url":"https:\/\/rmu-startup-academy.com\/?page_id=1079","og_site_name":"RMU Startup Academy","article_modified_time":"2025-02-03T13:57:50+00:00","twitter_card":"summary_large_image","twitter_misc":{"Gesch\u00e4tzte Lesezeit":"1\u00a0Minute"},"schema":{"@context":"https:\/\/schema.org","@graph":[{"@type":"WebPage","@id":"https:\/\/rmu-startup-academy.com\/?page_id=1079","url":"https:\/\/rmu-startup-academy.com\/?page_id=1079","name":"AGB - RMU Startup Academy","isPartOf":{"@id":"https:\/\/rmu-startup-academy.com\/#website"},"datePublished":"2025-02-03T13:48:33+00:00","dateModified":"2025-02-03T13:57:50+00:00","breadcrumb":{"@id":"https:\/\/rmu-startup-academy.com\/?page_id=1079#breadcrumb"},"inLanguage":"de","potentialAction":[{"@type":"ReadAction","target":["https:\/\/rmu-startup-academy.com\/?page_id=1079"]}]},{"@type":"BreadcrumbList","@id":"https:\/\/rmu-startup-academy.com\/?page_id=1079#breadcrumb","itemListElement":[{"@type":"ListItem","position":1,"name":"Startseite","item":"https:\/\/rmu-startup-academy.com\/"},{"@type":"ListItem","position":2,"name":"AGB"}]},{"@type":"WebSite","@id":"https:\/\/rmu-startup-academy.com\/#website","url":"https:\/\/rmu-startup-academy.com\/","name":"RMU Startup Academy","description":"F\u00fcr Deinen Start in ein eigenes Unternehmen","potentialAction":[{"@type":"SearchAction","target":{"@type":"EntryPoint","urlTemplate":"https:\/\/rmu-startup-academy.com\/?s={search_term_string}"},"query-input":{"@type":"PropertyValueSpecification","valueRequired":true,"valueName":"search_term_string"}}],"inLanguage":"de"}]}},"_links":{"self":[{"href":"https:\/\/rmu-startup-academy.com\/index.php?rest_route=\/wp\/v2\/pages\/1079","targetHints":{"allow":["GET"]}}],"collection":[{"href":"https:\/\/rmu-startup-academy.com\/index.php?rest_route=\/wp\/v2\/pages"}],"about":[{"href":"https:\/\/rmu-startup-academy.com\/index.php?rest_route=\/wp\/v2\/types\/page"}],"author":[{"embeddable":true,"href":"https:\/\/rmu-startup-academy.com\/index.php?rest_route=\/wp\/v2\/users\/2"}],"replies":[{"embeddable":true,"href":"https:\/\/rmu-startup-academy.com\/index.php?rest_route=%2Fwp%2Fv2%2Fcomments&post=1079"}],"version-history":[{"count":2,"href":"https:\/\/rmu-startup-academy.com\/index.php?rest_route=\/wp\/v2\/pages\/1079\/revisions"}],"predecessor-version":[{"id":1084,"href":"https:\/\/rmu-startup-academy.com\/index.php?rest_route=\/wp\/v2\/pages\/1079\/revisions\/1084"}],"wp:attachment":[{"href":"https:\/\/rmu-startup-academy.com\/index.php?rest_route=%2Fwp%2Fv2%2Fmedia&parent=1079"}],"curies":[{"name":"wp","href":"https:\/\/api.w.org\/{rel}","templated":true}]}}