{"id":3,"date":"2025-01-17T09:51:32","date_gmt":"2025-01-17T08:51:32","guid":{"rendered":"https:\/\/rmu-startup-academy.com\/?page_id=3"},"modified":"2025-02-04T18:09:00","modified_gmt":"2025-02-04T17:09:00","slug":"datenschutzerklaerung","status":"publish","type":"page","link":"https:\/\/rmu-startup-academy.com\/?page_id=3","title":{"rendered":"Datenschutzerkl\u00e4rung"},"content":{"rendered":"\n<p>Die <strong>RMU Startup Academy<\/strong> wird durch eine Kollaboration der Gr\u00fcndungszentren der Rhein-Main-Universit\u00e4ten bereitgestellt: HIGHEST von der TU Darmstadt, Goethe-Unibator von der Goethe-Universit\u00e4t Frankfurt sowie den Gr\u00fcndungsb\u00fcros der Johannes-Gutenberg-Universit\u00e4t Mainz und der Universit\u00e4tsmedizin Mainz.<\/p>\n\n\n\n<p><strong>Verantwortlicher<\/strong><\/p>\n\n\n\n<p>Technische Universit\u00e4t Darmstadt<br><a href=\"http:\/\/www.tu-darmstadt.de\/kommunikation_und_medien\">Stabsstelle Kommunikation und Medien<\/a><br>Karolinenplatz 5<br>64289 Darmstadt<br>Telefon 06151 \/ 16-01<br>E-Mail <a href=\"mailto:presse@tu-darmstadt.de\">presse@tu-darmstadt.de<\/a><\/p>\n\n\n\n<p>Stand: 01. M\u00e4rz 2018<\/p>\n\n\n\n<p><strong>1. <\/strong><strong>Grunds\u00e4tzliche Angaben zur Datenverarbeitung und Rechtsgrundlagen<\/strong><\/p>\n\n\n\n<p><strong>1.1.<\/strong> Diese Datenschutzerkl\u00e4rung kl\u00e4rt Sie \u00fcber die Art, den Umfang und den Zweck der Verarbeitung von personenbezogenen Daten innerhalb unseres Onlineangebotes und der mit ihm verbundenen Webseiten, Funktionen und Inhalte (nachfolgend gemeinsam bezeichnet als \u201eOnlineangebot\u201c oder \u201eWebsite\u201c) auf. Die Datenschutzerkl\u00e4rung gilt unabh\u00e4ngig von den verwendeten Domains, Systemen, Plattformen und Ger\u00e4ten (z.B. Desktop oder Mobile) auf denen das Onlineangebot ausgef\u00fchrt wird.<\/p>\n\n\n\n<p><strong>1.2.<\/strong> Zu den verwendeten Begrifflichkeiten, wie z.B. \u201epersonenbezogene Daten\u201c oder deren \u201eVerarbeitung\u201c verweisen wir auf die Definitionen im Art. 4 der Datenschutzgrundverordnung (DSGVO).<\/p>\n\n\n\n<p><strong>2. Daten und Datenkategorien<\/strong><\/p>\n\n\n\n<p><strong>2.1<\/strong> Zu den im Rahmen dieses Onlineangebotes verarbeiteten personenbezogenen Daten der Nutzer geh\u00f6ren<\/p>\n\n\n\n<ul class=\"wp-block-list\">\n<li>Nutzungsdaten (z.B. die besuchten Webseiten unseres Onlineangebotes) und<\/li>\n\n\n\n<li>Inhaltsdaten (z.B. Eingaben im Kontaktformular).<\/li>\n<\/ul>\n\n\n\n<p><strong>2.2.<\/strong> Der Begriff \u201eNutzer\u201c umfasst alle Kategorien der Datenverarbeitung betroffener Personen. Zu ihnen geh\u00f6ren unsere Gesch\u00e4ftspartner, Interessenten und sonstige Besucher unseres Onlineangebotes. Die verwendeten Begrifflichkeiten, wie z.B. \u201eNutzer\u201c sind geschlechtsneutral zu verstehen.<\/p>\n\n\n\n<p><strong>2.3.<\/strong> Wir verarbeiten personenbezogene Daten der Nutzer nur unter Einhaltung der einschl\u00e4gigen Datenschutzbestimmungen. Das bedeutet, die Daten der Nutzer werden nur bei Vorliegen einer gesetzlichen Erlaubnis verarbeitet. Das hei\u00dft insbesondere,<\/p>\n\n\n\n<ul class=\"wp-block-list\">\n<li>wenn die Datenverarbeitung zur Erbringung unserer vertraglichen Leistungen (z.B. Bearbeitung von Auftr\u00e4gen) sowie Online-Services erforderlich, bzw. gesetzlich vorgeschrieben ist,<\/li>\n\n\n\n<li>eine Einwilligung der Nutzer vorliegt,<\/li>\n\n\n\n<li>als auch aufgrund unserer berechtigten Interessen (d.h. Interesse an der Analyse, Optimierung, wirtschaftlichem Betrieb und Sicherheit unseres Onlineangebotes im Sinne des Art. 6 Abs. 1 lit. f. DSGVO, insbesondere bei der Reichweitenmessung).<\/li>\n<\/ul>\n\n\n\n<p><strong>2.4.<\/strong> Wir weisen darauf hin, dass die Rechtsgrundlage der Einwilligungen Art. 6 Abs. 1 lit. a. und Art. 7 DSGVO, die Rechtsgrundlage f\u00fcr die Verarbeitung zur Erf\u00fcllung unserer Leistungen und Durchf\u00fchrung vertraglicher Ma\u00dfnahmen Art. 6 Abs. 1 lit. b. DSGVO, die Rechtsgrundlage f\u00fcr die Verarbeitung zur Erf\u00fcllung unserer rechtlichen Verpflichtungen Art. 6 Abs. 1 lit. c. DSGVO, und die Rechtsgrundlage f\u00fcr die Verarbeitung zur Wahrung unserer berechtigten Interessen Art. 6 Abs. 1 lit. f. DSGVO ist.<\/p>\n\n\n\n<p><strong>3. Sicherheitsma\u00dfnahmen<\/strong><\/p>\n\n\n\n<p>Wir treffen organisatorische, vertragliche und technische Sicherheitsma\u00dfnahmen entsprechend dem Stand der Technik, um sicherzustellen, dass die Vorschriften der Datenschutzgesetze eingehalten werden und um damit die durch uns verarbeiteten Daten gegen zuf\u00e4llige oder vors\u00e4tzliche Manipulationen, Verlust, Zerst\u00f6rung oder gegen den Zugriff unberechtigter Personen zu sch\u00fctzen.<\/p>\n\n\n\n<p><strong>4. Weitergabe von Daten an Dritte und Drittanbieter<\/strong><\/p>\n\n\n\n<p><strong>4.1.<\/strong> Eine Weitergabe von Daten an Dritte erfolgt nur im Rahmen der gesetzlichen Vorgaben. Wir geben die Daten der Nutzer an Dritte nur dann weiter, wenn dies z.B. f\u00fcr Vertragszwecke auf Grundlage des Art. 6 Abs. 1 lit. b. DSGVO erforderlich ist oder auf Grundlage berechtigter Interessen gem. Art. 6 Abs. 1 lit. f. DSGVO an wirtschaftlichem und effektivem Betrieb unseres Gesch\u00e4ftsbetriebes.<\/p>\n\n\n\n<p><strong>4.2.<\/strong> Sofern wir Subunternehmer einsetzen, um unsere Leistungen bereitzustellen, ergreifen wir geeignete rechtliche Vorkehrungen sowie entsprechende technische und organisatorische Ma\u00dfnahmen, um f\u00fcr den Schutz der personenbezogenen Daten gem\u00e4\u00df den einschl\u00e4gigen gesetzlichen Vorschriften zu sorgen.<\/p>\n\n\n\n<p><strong>4.3.<\/strong> Sofern im Rahmen dieser Datenschutzerkl\u00e4rung Inhalte, Werkzeuge oder sonstige Mittel von anderen Anbietern (nachfolgend gemeinsam bezeichnet als \u201eDrittanbieter\u201c) eingesetzt werden und deren genannter Sitz sich in einem Drittland befindet, ist davon auszugehen, dass ein Datentransfer in die Sitzstaaten der Drittanbieter stattfindet. Als Drittstaaten sind L\u00e4nder zu verstehen, in denen die DSGVO kein unmittelbar geltendes Recht ist, d.h. grunds\u00e4tzlich L\u00e4nder au\u00dferhalb der EU, bzw. des Europ\u00e4ischen Wirtschaftsraums. Die \u00dcbermittlung von Daten in Drittstaaten erfolgt entweder, wenn ein angemessenes Datenschutzniveau, eine Einwilligung der Nutzer oder sonst eine gesetzliche Erlaubnis vorliegt.<\/p>\n\n\n\n<p><strong>5. Erbringung vertraglicher Leistungen<\/strong><\/p>\n\n\n\n<p>Wir verarbeiten Bestandsdaten (z.B. Namen und Adressen sowie Kontaktdaten von Nutzern), Vertragsdaten (z.B. in Anspruch genommene Leistungen, Namen von Kontaktpersonen, Zahlungsinformationen) zwecks Erf\u00fcllung unserer vertraglichen Verpflichtungen und Serviceleistungen gem. Art. 6 Abs. 1 lit b. DSGVO.<\/p>\n\n\n\n<p><strong>6. Nutzerkonten<\/strong><\/p>\n\n\n\n<p>Nutzer k\u00f6nnen optional ein Nutzerkonto angelegt bekommen, in dem sie insbesondere ihre Daten einsehen k\u00f6nnen. Im Rahmen der Registrierung, werden die erforderlichen Pflichtangaben den Nutzern mitgeteilt. Die Nutzerkonten sind nicht \u00f6ffentlich und k\u00f6nnen von Suchmaschinen nicht indexiert werden. Wenn Nutzer ihr Nutzerkonto gek\u00fcndigt haben, werden deren Daten im Hinblick auf das Nutzerkonto gel\u00f6scht, vorbehaltlich deren Aufbewahrung ist aus handels- oder steuerrechtlichen Gr\u00fcnden entspr. Art. 6 Abs. 1 lit. c DSGVO notwendig. Es obliegt den Nutzern, ihre Daten bei erfolgter K\u00fcndigung vor dem Vertragsende zu sichern. Wir sind berechtigt, s\u00e4mtliche w\u00e4hrend der Vertragsdauer gespeicherten Daten des Nutzers unwiederbringlich zu l\u00f6schen.<\/p>\n\n\n\n<p><strong>7. Datenspeicherung<\/strong><\/p>\n\n\n\n<p>Im Rahmen der Inanspruchnahme unserer Onlinedienste, speichern wir die IP-Adresse und den Zeitpunkt der jeweiligen Nutzerhandlung. Die Speicherung erfolgt auf Grundlage unserer berechtigten Interessen, als auch der Nutzer an Schutz vor Missbrauch und sonstiger unbefugter Nutzung. Eine Weitergabe dieser Daten an Dritte erfolgt grunds\u00e4tzlich nicht, au\u00dfer sie ist zur Verfolgung unserer Anspr\u00fcche erforderlich oder es besteht hierzu eine gesetzliche Verpflichtung gem. Art. 6 Abs. 1 lit. c. DSGVO.<\/p>\n\n\n\n<p><strong>8. Verarbeitung der Nutzungsdaten<\/strong><\/p>\n\n\n\n<p>Wir verarbeiten Nutzungsdaten (z.B. die besuchten Webseiten unseres Onlineangebotes, Interesse an unseren Projekten)&nbsp; um unser Webangebot besser darauf auszurichten.<\/p>\n\n\n\n<p><strong>9. Kontaktaufnahme<\/strong><\/p>\n\n\n\n<p><strong>9.1.<\/strong> Bei der Kontaktaufnahme mit uns (per E-Mail) werden die Angaben des Nutzers zur Bearbeitung der Kontaktanfrage und deren Abwicklung gem. Art. 6 Abs. 1 lit. b. DSGVO verarbeitet.<\/p>\n\n\n\n<p><strong>9.2.<\/strong> Die Angaben der Nutzer k\u00f6nnen in unserem Customer-Relationship-Management System (&#8222;CRM System&#8220;) oder vergleichbarer Anfragenorganisation gespeichert werden.<\/p>\n\n\n\n<p><strong>10. Erhebung von Zugriffsdaten und Logfiles<\/strong><\/p>\n\n\n\n<p><strong>10.1.<\/strong> Wir erheben auf Grundlage unserer berechtigten Interessen im Sinne des Art. 6 Abs. 1 lit. f. DSGVO Daten \u00fcber jeden Zugriff auf den Server, auf dem sich dieser Dienst befindet (sogenannte Serverlogfiles). Zu den Zugriffsdaten geh\u00f6ren Name der abgerufenen Webseite, Datei, Datum und Uhrzeit des Abrufs, \u00fcbertragene Datenmenge, Meldung \u00fcber erfolgreichen Abruf, Browsertyp nebst Version, das Betriebssystem des Nutzers, Referrer URL (die zuvor besuchte Seite), IP-Adresse und der anfragende Provider.<\/p>\n\n\n\n<p><strong>10.2.<\/strong> Logfile-Informationen werden aus Sicherheitsgr\u00fcnden (z.B. zur Aufkl\u00e4rung von Missbrauchs- oder Betrugshandlungen) f\u00fcr die Dauer von maximal sieben Tagen gespeichert und danach gel\u00f6scht. Daten, deren weitere Aufbewahrung zu Beweiszwecken erforderlich ist, sind bis zur endg\u00fcltigen Kl\u00e4rung des jeweiligen Vorfalls von der L\u00f6schung ausgenommen.<\/p>\n\n\n\n<p><strong>11. Cookies &amp; Reichweitenmessung<\/strong><\/p>\n\n\n\n<p><strong>11.1.<\/strong> Cookies sind Informationen, die von unserem Webserver oder Webservern Dritter an die Web-Browser der Nutzer \u00fcbertragen und dort f\u00fcr einen sp\u00e4teren Abruf gespeichert werden. Bei Cookies kann es sich um kleine Dateien oder sonstige Arten der Informationsspeicherung handeln.<\/p>\n\n\n\n<p><strong>11.2.<\/strong> Wir verwenden \u201eSession-Cookies\u201c, die nur f\u00fcr die Zeitdauer des aktuellen Besuchs auf unserer Onlinepr\u00e4senz abgelegt werden (z.B. um die Speicherung Ihres Login-Status oder die Warenkorbfunktion und somit die Nutzung unseres Onlineangebotes \u00fcberhaupt erm\u00f6glichen zu k\u00f6nnen). In einem Session-Cookie wird eine zuf\u00e4llig erzeugte eindeutige Identifikationsnummer abgelegt, eine sogenannte Session-ID. Au\u00dferdem enth\u00e4lt ein Cookie die Angabe \u00fcber seine Herkunft und die Speicherfrist. Diese Cookies k\u00f6nnen keine anderen Daten speichern. Session-Cookies werden gel\u00f6scht, wenn Sie die Nutzung unseres Onlineangebotes beendet haben und sich z.B. ausloggen oder den Browser schlie\u00dfen.<\/p>\n\n\n\n<p><strong>11.3.<\/strong> \u00dcber den Einsatz von Cookies im Rahmen pseudonymer Reichweitenmessung werden die Nutzer im Rahmen dieser Datenschutzerkl\u00e4rung informiert.<\/p>\n\n\n\n<p><strong>11.4.<\/strong> Falls die Nutzer nicht m\u00f6chten, dass Cookies auf ihrem Rechner gespeichert werden, werden sie gebeten die entsprechende Option in den Systemeinstellungen ihres Browsers zu deaktivieren. Gespeicherte Cookies k\u00f6nnen in den Systemeinstellungen des Browsers gel\u00f6scht werden. Der Ausschluss von Cookies kann zu Funktionseinschr\u00e4nkungen dieses Onlineangebotes f\u00fchren.<\/p>\n\n\n\n<p><strong>11.5.<\/strong> Sie k\u00f6nnen dem Einsatz von Cookies, die der Reichweitenmessung und Werbezwecken dienen, \u00fcber die Deaktivierungsseite der Netzwerkwerbeinitiative (<a href=\"https:\/\/optout.networkadvertising.org\/?c=1\">http:\/\/optout.networkadvertising.org<\/a>) und zus\u00e4tzlich der US-amerikanischen Seite (<a href=\"http:\/\/www.aboutads.info\/choices\">http:\/\/www.aboutads.info\/choices<\/a>) oder der europ\u00e4ischen Webseite (<a href=\"http:\/\/www.youronlinechoices.com\/uk\/your-ad-choices\">http:\/\/www.youronlinechoices.com\/uk\/your-ad-choices<\/a>) widersprechen. Die Einstellungen erfolgen plattformunabh\u00e4ngig, d.h. sie werden f\u00fcr alle Ger\u00e4te, wie Desktopcomputer oder mobile Ger\u00e4te \u00fcbernommen.<\/p>\n\n\n\n<p><strong>12. Rechte der Nutzer<\/strong><\/p>\n\n\n\n<p><strong>12.1.<\/strong> Nutzer haben das Recht, auf Antrag unentgeltlich Auskunft zu erhalten \u00fcber die personenbezogenen Daten, die von uns \u00fcber sie gespeichert wurden.<\/p>\n\n\n\n<p><strong>12.2.<\/strong> Zus\u00e4tzlich haben die Nutzer das Recht auf Berichtigung unrichtiger Daten, Einschr\u00e4nkung der Verarbeitung und L\u00f6schung ihrer personenbezogenen Daten, sofern zutreffend, ihre Rechte auf Datenportabilit\u00e4t geltend zu machen und im Fall der Annahme einer unrechtm\u00e4\u00dfigen Datenverarbeitung, eine Beschwerde bei der zust\u00e4ndigen Aufsichtsbeh\u00f6rde einzureichen.<\/p>\n\n\n\n<p><strong>12.3.<\/strong> Ebenso k\u00f6nnen Nutzer Einwilligungen, grunds\u00e4tzlich mit Auswirkung f\u00fcr die Zukunft, widerrufen.<\/p>\n\n\n\n<p><strong>13. L\u00f6schung von Daten<\/strong><\/p>\n\n\n\n<p><strong>13.1.<\/strong> Die bei uns gespeicherten Daten werden gel\u00f6scht, sobald sie f\u00fcr ihre Zweckbestimmung nicht mehr erforderlich sind und der L\u00f6schung keine gesetzlichen Aufbewahrungspflichten entgegenstehen. Sofern die Daten der Nutzer nicht gel\u00f6scht werden, weil sie f\u00fcr andere und gesetzlich zul\u00e4ssige Zwecke erforderlich sind, wird deren Verarbeitung eingeschr\u00e4nkt. D.h. die Daten werden gesperrt und nicht f\u00fcr andere Zwecke verarbeitet. Das gilt z.B. f\u00fcr Daten der Nutzer, die aus handels- oder steuerrechtlichen Gr\u00fcnden aufbewahrt werden m\u00fcssen.<\/p>\n\n\n\n<p><strong>13.2.<\/strong> Nach gesetzlichen Vorgaben erfolgt die Aufbewahrung f\u00fcr 6 Jahre gem\u00e4\u00df \u00a7 257 Abs. 1 HGB (Handelsb\u00fccher, Inventare, Er\u00f6ffnungsbilanzen, Jahresabschl\u00fcsse, Handelsbriefe, Buchungsbelege etc.) sowie f\u00fcr 10 Jahre gem\u00e4\u00df \u00a7 147 Abs. 1 AO (B\u00fccher, Aufzeichnungen, Lageberichte, Buchungsbelege, Handels- und Gesch\u00e4ftsbriefe, f\u00fcr Besteuerung relevante Unterlagen etc.).<\/p>\n\n\n\n<p><strong>14. Widerspruchsrecht<\/strong><\/p>\n\n\n\n<p>Nutzer k\u00f6nnen der k\u00fcnftigen Verarbeitung ihrer personenbezogenen Daten entsprechend den gesetzlichen Vorgaben jederzeit widersprechen. Der Widerspruch kann insbesondere gegen die Verarbeitung f\u00fcr Zwecke der Direktwerbung erfolgen.<\/p>\n\n\n\n<p><strong>15. \u00c4nderungen der Datenschutzerkl\u00e4rung<\/strong><\/p>\n\n\n\n<p>15.1. Wir behalten uns vor, die Datenschutzerkl\u00e4rung zu \u00e4ndern, um sie an ge\u00e4nderte Rechtslagen, oder bei \u00c4nderungen des Dienstes sowie der Datenverarbeitung anzupassen. Dies gilt jedoch nur im Hinblick auf Erkl\u00e4rungen zur Datenverarbeitung. Sofern Einwilligungen der Nutzer erforderlich sind oder Bestandteile der Datenschutzerkl\u00e4rung Regelungen des Vertragsverh\u00e4ltnisses mit den Nutzern enthalten, erfolgen die \u00c4nderungen nur mit Zustimmung der Nutzer.<\/p>\n\n\n\n<p><strong>15.2.<\/strong> Die Nutzer werden gebeten sich regelm\u00e4\u00dfig \u00fcber den Inhalt der Datenschutzerkl\u00e4rung zu informieren.<\/p>\n\n\n\n<p><strong>Weitere Informationen zum Datenschutz befinden sich auf den folgenden Seiten:<\/strong><\/p>\n\n\n\n<ul class=\"wp-block-list\">\n<li>HIGHEST:&nbsp;<a href=\"https:\/\/highest-darmstadt.de\/de\/datenschutzerklaerung\/\" target=\"_blank\" rel=\"noreferrer noopener\">https:\/\/highest-darmstadt.de\/de\/datenschutzerklaerung\/<\/a><\/li>\n\n\n\n<li>Goethe-Unibator:&nbsp;<a href=\"https:\/\/goetheunibator.de\/datenschutzerklaerung\/\" target=\"_blank\" rel=\"noreferrer noopener\">https:\/\/goetheunibator.de\/datenschutzerklaerung\/<\/a><\/li>\n\n\n\n<li>JGU Startup Center:&nbsp;<a href=\"https:\/\/www.uni-mainz.de\/datenschutz\/\" target=\"_blank\" rel=\"noreferrer noopener\">https:\/\/www.uni-mainz.de\/datenschutz\/<\/a><\/li>\n\n\n\n<li>Universit\u00e4tsmedizin Mainz:&nbsp;<a href=\"https:\/\/www.unimedizin-mainz.de\/footer\/datenschutz\/datenschutzerklaerung-fuer-die-webseite.html\" target=\"_blank\" rel=\"noreferrer noopener\">https:\/\/www.unimedizin-mainz.de\/footer\/datenschutz\/datenschutzerklaerung-fuer-die-webseite.html<\/a><\/li>\n<\/ul>\n","protected":false},"excerpt":{"rendered":"<p>Die RMU Startup Academy wird durch eine Kollaboration der Gr\u00fcndungszentren der Rhein-Main-Universit\u00e4ten bereitgestellt: HIGHEST von der TU Darmstadt, Goethe-Unibator von der Goethe-Universit\u00e4t Frankfurt sowie den Gr\u00fcndungsb\u00fcros der Johannes-Gutenberg-Universit\u00e4t Mainz und der Universit\u00e4tsmedizin Mainz. Verantwortlicher Technische Universit\u00e4t DarmstadtStabsstelle Kommunikation und MedienKarolinenplatz 564289 DarmstadtTelefon 06151 \/ 16-01E-Mail presse@tu-darmstadt.de Stand: 01. M\u00e4rz 2018 1. Grunds\u00e4tzliche Angaben zur Datenverarbeitung&hellip;&nbsp;<a href=\"https:\/\/rmu-startup-academy.com\/?page_id=3\" rel=\"bookmark\">Weiterlesen &raquo;<span class=\"screen-reader-text\">Datenschutzerkl\u00e4rung<\/span><\/a><\/p>\n","protected":false},"author":1,"featured_media":0,"parent":0,"menu_order":0,"comment_status":"closed","ping_status":"open","template":"","meta":{"neve_meta_sidebar":"","neve_meta_container":"","neve_meta_enable_content_width":"","neve_meta_content_width":0,"neve_meta_title_alignment":"","neve_meta_author_avatar":"","neve_post_elements_order":"","neve_meta_disable_header":"","neve_meta_disable_footer":"","neve_meta_disable_title":"","_themeisle_gutenberg_block_has_review":false,"footnotes":""},"class_list":["post-3","page","type-page","status-publish","hentry"],"yoast_head":"<!-- This site is optimized with the Yoast SEO plugin v25.9 - https:\/\/yoast.com\/wordpress\/plugins\/seo\/ -->\n<title>Datenschutzerkl\u00e4rung - RMU Startup Academy<\/title>\n<meta name=\"robots\" content=\"index, follow, max-snippet:-1, max-image-preview:large, max-video-preview:-1\" \/>\n<link rel=\"canonical\" href=\"https:\/\/rmu-startup-academy.com\/?page_id=3\" \/>\n<meta property=\"og:locale\" content=\"de_DE\" \/>\n<meta property=\"og:type\" content=\"article\" \/>\n<meta property=\"og:title\" content=\"Datenschutzerkl\u00e4rung - RMU Startup Academy\" \/>\n<meta property=\"og:description\" content=\"Die RMU Startup Academy wird durch eine Kollaboration der Gr\u00fcndungszentren der Rhein-Main-Universit\u00e4ten bereitgestellt: HIGHEST von der TU Darmstadt, Goethe-Unibator von der Goethe-Universit\u00e4t Frankfurt sowie den Gr\u00fcndungsb\u00fcros der Johannes-Gutenberg-Universit\u00e4t Mainz und der Universit\u00e4tsmedizin Mainz. Verantwortlicher Technische Universit\u00e4t DarmstadtStabsstelle Kommunikation und MedienKarolinenplatz 564289 DarmstadtTelefon 06151 \/ 16-01E-Mail presse@tu-darmstadt.de Stand: 01. M\u00e4rz 2018 1. Grunds\u00e4tzliche Angaben zur Datenverarbeitung&hellip;&nbsp;Weiterlesen &raquo;Datenschutzerkl\u00e4rung\" \/>\n<meta property=\"og:url\" content=\"https:\/\/rmu-startup-academy.com\/?page_id=3\" \/>\n<meta property=\"og:site_name\" content=\"RMU Startup Academy\" \/>\n<meta property=\"article:modified_time\" content=\"2025-02-04T17:09:00+00:00\" \/>\n<meta name=\"twitter:card\" content=\"summary_large_image\" \/>\n<meta name=\"twitter:label1\" content=\"Gesch\u00e4tzte Lesezeit\" \/>\n\t<meta name=\"twitter:data1\" content=\"8\u00a0Minuten\" \/>\n<script type=\"application\/ld+json\" class=\"yoast-schema-graph\">{\"@context\":\"https:\/\/schema.org\",\"@graph\":[{\"@type\":\"WebPage\",\"@id\":\"https:\/\/rmu-startup-academy.com\/?page_id=3\",\"url\":\"https:\/\/rmu-startup-academy.com\/?page_id=3\",\"name\":\"Datenschutzerkl\u00e4rung - RMU Startup Academy\",\"isPartOf\":{\"@id\":\"https:\/\/rmu-startup-academy.com\/#website\"},\"datePublished\":\"2025-01-17T08:51:32+00:00\",\"dateModified\":\"2025-02-04T17:09:00+00:00\",\"breadcrumb\":{\"@id\":\"https:\/\/rmu-startup-academy.com\/?page_id=3#breadcrumb\"},\"inLanguage\":\"de\",\"potentialAction\":[{\"@type\":\"ReadAction\",\"target\":[\"https:\/\/rmu-startup-academy.com\/?page_id=3\"]}]},{\"@type\":\"BreadcrumbList\",\"@id\":\"https:\/\/rmu-startup-academy.com\/?page_id=3#breadcrumb\",\"itemListElement\":[{\"@type\":\"ListItem\",\"position\":1,\"name\":\"Startseite\",\"item\":\"https:\/\/rmu-startup-academy.com\/\"},{\"@type\":\"ListItem\",\"position\":2,\"name\":\"Datenschutzerkl\u00e4rung\"}]},{\"@type\":\"WebSite\",\"@id\":\"https:\/\/rmu-startup-academy.com\/#website\",\"url\":\"https:\/\/rmu-startup-academy.com\/\",\"name\":\"RMU Startup Academy\",\"description\":\"F\u00fcr Deinen Start in ein eigenes Unternehmen\",\"potentialAction\":[{\"@type\":\"SearchAction\",\"target\":{\"@type\":\"EntryPoint\",\"urlTemplate\":\"https:\/\/rmu-startup-academy.com\/?s={search_term_string}\"},\"query-input\":{\"@type\":\"PropertyValueSpecification\",\"valueRequired\":true,\"valueName\":\"search_term_string\"}}],\"inLanguage\":\"de\"}]}<\/script>\n<!-- \/ Yoast SEO plugin. -->","yoast_head_json":{"title":"Datenschutzerkl\u00e4rung - RMU Startup Academy","robots":{"index":"index","follow":"follow","max-snippet":"max-snippet:-1","max-image-preview":"max-image-preview:large","max-video-preview":"max-video-preview:-1"},"canonical":"https:\/\/rmu-startup-academy.com\/?page_id=3","og_locale":"de_DE","og_type":"article","og_title":"Datenschutzerkl\u00e4rung - RMU Startup Academy","og_description":"Die RMU Startup Academy wird durch eine Kollaboration der Gr\u00fcndungszentren der Rhein-Main-Universit\u00e4ten bereitgestellt: HIGHEST von der TU Darmstadt, Goethe-Unibator von der Goethe-Universit\u00e4t Frankfurt sowie den Gr\u00fcndungsb\u00fcros der Johannes-Gutenberg-Universit\u00e4t Mainz und der Universit\u00e4tsmedizin Mainz. Verantwortlicher Technische Universit\u00e4t DarmstadtStabsstelle Kommunikation und MedienKarolinenplatz 564289 DarmstadtTelefon 06151 \/ 16-01E-Mail presse@tu-darmstadt.de Stand: 01. M\u00e4rz 2018 1. Grunds\u00e4tzliche Angaben zur Datenverarbeitung&hellip;&nbsp;Weiterlesen &raquo;Datenschutzerkl\u00e4rung","og_url":"https:\/\/rmu-startup-academy.com\/?page_id=3","og_site_name":"RMU Startup Academy","article_modified_time":"2025-02-04T17:09:00+00:00","twitter_card":"summary_large_image","twitter_misc":{"Gesch\u00e4tzte Lesezeit":"8\u00a0Minuten"},"schema":{"@context":"https:\/\/schema.org","@graph":[{"@type":"WebPage","@id":"https:\/\/rmu-startup-academy.com\/?page_id=3","url":"https:\/\/rmu-startup-academy.com\/?page_id=3","name":"Datenschutzerkl\u00e4rung - RMU Startup Academy","isPartOf":{"@id":"https:\/\/rmu-startup-academy.com\/#website"},"datePublished":"2025-01-17T08:51:32+00:00","dateModified":"2025-02-04T17:09:00+00:00","breadcrumb":{"@id":"https:\/\/rmu-startup-academy.com\/?page_id=3#breadcrumb"},"inLanguage":"de","potentialAction":[{"@type":"ReadAction","target":["https:\/\/rmu-startup-academy.com\/?page_id=3"]}]},{"@type":"BreadcrumbList","@id":"https:\/\/rmu-startup-academy.com\/?page_id=3#breadcrumb","itemListElement":[{"@type":"ListItem","position":1,"name":"Startseite","item":"https:\/\/rmu-startup-academy.com\/"},{"@type":"ListItem","position":2,"name":"Datenschutzerkl\u00e4rung"}]},{"@type":"WebSite","@id":"https:\/\/rmu-startup-academy.com\/#website","url":"https:\/\/rmu-startup-academy.com\/","name":"RMU Startup Academy","description":"F\u00fcr Deinen Start in ein eigenes Unternehmen","potentialAction":[{"@type":"SearchAction","target":{"@type":"EntryPoint","urlTemplate":"https:\/\/rmu-startup-academy.com\/?s={search_term_string}"},"query-input":{"@type":"PropertyValueSpecification","valueRequired":true,"valueName":"search_term_string"}}],"inLanguage":"de"}]}},"_links":{"self":[{"href":"https:\/\/rmu-startup-academy.com\/index.php?rest_route=\/wp\/v2\/pages\/3","targetHints":{"allow":["GET"]}}],"collection":[{"href":"https:\/\/rmu-startup-academy.com\/index.php?rest_route=\/wp\/v2\/pages"}],"about":[{"href":"https:\/\/rmu-startup-academy.com\/index.php?rest_route=\/wp\/v2\/types\/page"}],"author":[{"embeddable":true,"href":"https:\/\/rmu-startup-academy.com\/index.php?rest_route=\/wp\/v2\/users\/1"}],"replies":[{"embeddable":true,"href":"https:\/\/rmu-startup-academy.com\/index.php?rest_route=%2Fwp%2Fv2%2Fcomments&post=3"}],"version-history":[{"count":9,"href":"https:\/\/rmu-startup-academy.com\/index.php?rest_route=\/wp\/v2\/pages\/3\/revisions"}],"predecessor-version":[{"id":1118,"href":"https:\/\/rmu-startup-academy.com\/index.php?rest_route=\/wp\/v2\/pages\/3\/revisions\/1118"}],"wp:attachment":[{"href":"https:\/\/rmu-startup-academy.com\/index.php?rest_route=%2Fwp%2Fv2%2Fmedia&parent=3"}],"curies":[{"name":"wp","href":"https:\/\/api.w.org\/{rel}","templated":true}]}}